{"id":18383,"date":"2026-04-04T14:13:22","date_gmt":"2026-04-04T14:13:22","guid":{"rendered":"https:\/\/www.epoxis.cz\/?post_type=product&#038;p=18383"},"modified":"2026-04-04T14:21:07","modified_gmt":"2026-04-04T14:21:07","slug":"the-witcher-velka","status":"publish","type":"product","link":"https:\/\/www.epoxis.cz\/en\/product\/the-witcher-velka\/","title":{"rendered":"The Witcher \u2013 Velk\u00e1"},"content":{"rendered":"","protected":false},"excerpt":{"rendered":"<p>Sv\u011bt Zakl\u00edna\u010de p\u0159enesen\u00fd do origin\u00e1ln\u00ed designov\u00e9 lampy.<br \/>\nNa p\u0159edn\u00ed stran\u011b si m\u016f\u017eete vybrat jeden ze t\u0159\u00ed vypalovan\u00fdch motiv\u016f.<br \/>\nJemn\u00e9 sv\u011btlo vytv\u00e1\u0159\u00ed p\u0159\u00edjemnou a lehce tajemnou atmosf\u00e9ru, kter\u00e1 skv\u011ble vynikne v lo\u017enici, ob\u00fdv\u00e1ku nebo hern\u00edm koutku.<\/p>\n<ul>\n<li>Height: 37.5 cm<\/li>\n<li>Weight: 1.7 Kg<\/li>\n<li>Base: 7 x 7 cm<\/li>\n<li>Slate base: 10 x 10 cm<\/li>\n<li>Light source: Eco Light LED bulb 12V<\/li>\n<li>Material: oak\n<li>Surface treatment: Osmo oil\n<\/ul>","protected":false},"featured_media":18267,"template":"","meta":{"_acf_changed":false},"product_brand":[],"product_cat":[16,100],"product_tag":[],"class_list":{"0":"post-18383","1":"product","2":"type-product","3":"status-publish","4":"has-post-thumbnail","6":"product_cat-vsechny-lampy","7":"product_cat-svicnove","9":"first","10":"instock","11":"purchasable","12":"product-type-variable","13":"has-default-attributes"},"acf":[],"_links":{"self":[{"href":"https:\/\/www.epoxis.cz\/en\/wp-json\/wp\/v2\/product\/18383","targetHints":{"allow":["GET"]}}],"collection":[{"href":"https:\/\/www.epoxis.cz\/en\/wp-json\/wp\/v2\/product"}],"about":[{"href":"https:\/\/www.epoxis.cz\/en\/wp-json\/wp\/v2\/types\/product"}],"wp:featuredmedia":[{"embeddable":true,"href":"https:\/\/www.epoxis.cz\/en\/wp-json\/wp\/v2\/media\/18267"}],"wp:attachment":[{"href":"https:\/\/www.epoxis.cz\/en\/wp-json\/wp\/v2\/media?parent=18383"}],"wp:term":[{"taxonomy":"product_brand","embeddable":true,"href":"https:\/\/www.epoxis.cz\/en\/wp-json\/wp\/v2\/product_brand?post=18383"},{"taxonomy":"product_cat","embeddable":true,"href":"https:\/\/www.epoxis.cz\/en\/wp-json\/wp\/v2\/product_cat?post=18383"},{"taxonomy":"product_tag","embeddable":true,"href":"https:\/\/www.epoxis.cz\/en\/wp-json\/wp\/v2\/product_tag?post=18383"}],"curies":[{"name":"wp","href":"https:\/\/api.w.org\/{rel}","templated":true}]}}