{"id":18243,"date":"2026-03-25T11:53:28","date_gmt":"2026-03-25T11:53:28","guid":{"rendered":"https:\/\/www.epoxis.cz\/?post_type=product&#038;p=18243"},"modified":"2026-03-25T16:38:53","modified_gmt":"2026-03-25T16:38:53","slug":"henry-alba","status":"publish","type":"product","link":"https:\/\/www.epoxis.cz\/en\/product\/henry-alba\/","title":{"rendered":"Henry Alba"},"content":{"rendered":"","protected":false},"excerpt":{"rendered":"<p>Henry Alba m\u011bn\u00ed h\u0159ejiv\u00e9 t\u00f3ny sv\u00e9ho p\u0159edch\u016fdce za krystalicky b\u00edl\u00fd jas, kter\u00fd v kombinaci s tmav\u00fdm dubem dod\u00e1v\u00e1 interi\u00e9ru modern\u00ed n\u00e1boj. Tento kompaktn\u00ed solit\u00e9r d\u00e1v\u00e1 vyniknout dramatick\u00fdm hran\u00e1m masivu a d\u00edky ledov\u00e9mu podsv\u00edcen\u00ed vn\u00e1\u0161\u00ed do prostoru atmosf\u00e9ru absolutn\u00ed \u010distoty. Spojuje v sob\u011b syrovou p\u0159\u00edrodu s luxusn\u00edm minimalismem, co\u017e z n\u011bj d\u011bl\u00e1 ide\u00e1ln\u00ed dominantn\u00ed prvek pro pracovn\u00ed stoly i modern\u00ed lo\u017enice.<\/p>\n<li>Height: 34.5 cm<\/li>\n<li>Weight: 1 Kg<\/li>\n<li>Base: 5.3 x 5.3 cm<\/li>\n<li>Slate base: 10 x 10 cm<\/li>\n<li>Light source: Eco Light LED bulb 12V<\/li>\n<li>Material: oak\n<li>Surface treatment: Osmo oil<\/li>","protected":false},"featured_media":18244,"template":"","meta":{"_acf_changed":false},"product_brand":[],"product_cat":[100],"product_tag":[],"class_list":{"0":"post-18243","1":"product","2":"type-product","3":"status-publish","4":"has-post-thumbnail","6":"product_cat-svicnove","8":"first","9":"instock","10":"shipping-taxable","11":"purchasable","12":"product-type-simple"},"acf":[],"_links":{"self":[{"href":"https:\/\/www.epoxis.cz\/en\/wp-json\/wp\/v2\/product\/18243","targetHints":{"allow":["GET"]}}],"collection":[{"href":"https:\/\/www.epoxis.cz\/en\/wp-json\/wp\/v2\/product"}],"about":[{"href":"https:\/\/www.epoxis.cz\/en\/wp-json\/wp\/v2\/types\/product"}],"wp:featuredmedia":[{"embeddable":true,"href":"https:\/\/www.epoxis.cz\/en\/wp-json\/wp\/v2\/media\/18244"}],"wp:attachment":[{"href":"https:\/\/www.epoxis.cz\/en\/wp-json\/wp\/v2\/media?parent=18243"}],"wp:term":[{"taxonomy":"product_brand","embeddable":true,"href":"https:\/\/www.epoxis.cz\/en\/wp-json\/wp\/v2\/product_brand?post=18243"},{"taxonomy":"product_cat","embeddable":true,"href":"https:\/\/www.epoxis.cz\/en\/wp-json\/wp\/v2\/product_cat?post=18243"},{"taxonomy":"product_tag","embeddable":true,"href":"https:\/\/www.epoxis.cz\/en\/wp-json\/wp\/v2\/product_tag?post=18243"}],"curies":[{"name":"wp","href":"https:\/\/api.w.org\/{rel}","templated":true}]}}