{"id":18237,"date":"2026-03-23T20:45:33","date_gmt":"2026-03-23T20:45:33","guid":{"rendered":"https:\/\/www.epoxis.cz\/?post_type=product&#038;p=18237"},"modified":"2026-03-24T19:27:57","modified_gmt":"2026-03-24T19:27:57","slug":"colossa-alba","status":"publish","type":"product","link":"https:\/\/www.epoxis.cz\/en\/product\/colossa-alba\/","title":{"rendered":"Colossa Alba"},"content":{"rendered":"","protected":false},"excerpt":{"rendered":"<p>N\u00e1\u0161 nejobl\u00edben\u011bj\u0161\u00ed model Colossa se do\u010dkal nov\u00e9 podoby, kter\u00e1 vym\u011bnila h\u0159ejiv\u00e9 t\u00f3ny za krystalicky b\u00edl\u00fd jas. Tato verze v hlubok\u00e9m odst\u00ednu tmav\u00e9ho dubu p\u0159in\u00e1\u0161\u00ed do interi\u00e9ru modern\u00ed n\u00e1boj a d\u00e1v\u00e1 vyniknout p\u0159irozen\u00fdm hran\u00e1m masivu. Je to solit\u00e9r, kter\u00fd v sob\u011b spojuje surovou p\u0159\u00edrodu s luxusn\u00edm minimalismem a vn\u00e1\u0161\u00ed do prostoru atmosf\u00e9ru \u010distoty a klidu. Lampa se d\u00edky sv\u00e9mu v\u00fdrazn\u00e9mu charakteru skv\u011ble hod\u00ed jako dominantn\u00ed prvek do modern\u00edch ob\u00fdvac\u00edch pokoj\u016f nebo reprezentativn\u00edch kancel\u00e1\u0159\u00ed.<\/p>\n<li>Height: 37.5 cm<\/li>\n<li>Weight: 1.7 Kg<\/li>\n<li>Base: 7 x 7 cm<\/li>\n<li>Slate base: 10 x 10 cm<\/li>\n<li>Light source: Eco Light LED bulb 12V<\/li>\n<li>Material: oak\n<li>Surface treatment: Osmo oil<br \/>","protected":false},"featured_media":18242,"template":"","meta":{"_acf_changed":false},"product_brand":[],"product_cat":[100],"product_tag":[],"class_list":{"0":"post-18237","1":"product","2":"type-product","3":"status-publish","4":"has-post-thumbnail","6":"product_cat-svicnove","8":"first","9":"instock","10":"shipping-taxable","11":"purchasable","12":"product-type-simple"},"acf":[],"_links":{"self":[{"href":"https:\/\/www.epoxis.cz\/en\/wp-json\/wp\/v2\/product\/18237","targetHints":{"allow":["GET"]}}],"collection":[{"href":"https:\/\/www.epoxis.cz\/en\/wp-json\/wp\/v2\/product"}],"about":[{"href":"https:\/\/www.epoxis.cz\/en\/wp-json\/wp\/v2\/types\/product"}],"wp:featuredmedia":[{"embeddable":true,"href":"https:\/\/www.epoxis.cz\/en\/wp-json\/wp\/v2\/media\/18242"}],"wp:attachment":[{"href":"https:\/\/www.epoxis.cz\/en\/wp-json\/wp\/v2\/media?parent=18237"}],"wp:term":[{"taxonomy":"product_brand","embeddable":true,"href":"https:\/\/www.epoxis.cz\/en\/wp-json\/wp\/v2\/product_brand?post=18237"},{"taxonomy":"product_cat","embeddable":true,"href":"https:\/\/www.epoxis.cz\/en\/wp-json\/wp\/v2\/product_cat?post=18237"},{"taxonomy":"product_tag","embeddable":true,"href":"https:\/\/www.epoxis.cz\/en\/wp-json\/wp\/v2\/product_tag?post=18237"}],"curies":[{"name":"wp","href":"https:\/\/api.w.org\/{rel}","templated":true}]}}