{"id":16539,"date":"2025-04-18T12:57:35","date_gmt":"2025-04-18T12:57:35","guid":{"rendered":"https:\/\/www.epoxis.cz\/?post_type=product&#038;p=16539"},"modified":"2026-01-05T16:39:05","modified_gmt":"2026-01-05T16:39:05","slug":"stellar","status":"publish","type":"product","link":"https:\/\/www.epoxis.cz\/en\/product\/stellar\/","title":{"rendered":"Stellar"},"content":{"rendered":"","protected":false},"excerpt":{"rendered":"<p>Stellar je modern\u00ed stoln\u00ed lampa s fascinuj\u00edc\u00edm designem, kter\u00e1 spojuje d\u0159ev\u011bnou z\u00e1kladnu s pr\u016fhlednou prysky\u0159ic\u00ed, evokuj\u00edc\u00ed prosv\u00edcen\u00fd k\u0159i\u0161\u0165\u00e1l. Na rozd\u00edl od ostatn\u00edch variant postr\u00e1d\u00e1 vrchn\u00ed d\u0159ev\u011bnou \u010d\u00e1st, co\u017e j\u00ed dod\u00e1v\u00e1 \u00e9terick\u00fd a lehk\u00fd vzhled. Jej\u00ed studen\u00e9 b\u00edl\u00e9 sv\u011btlo vytv\u00e1\u0159\u00ed jemnou a uklid\u0148uj\u00edc\u00ed atmosf\u00e9ru, ide\u00e1ln\u00ed pro relaxaci nebo elegantn\u00ed dopln\u011bk interi\u00e9ru.<\/p>\n<ul>\n<li>Height: 26.5 cm<\/li>\n<li>Weight: 0.8 Kg<\/li>\n<li>Base: 5.3 x 5.3 cm<\/li>\n<li>Slate base: 10 x 10 cm<\/li>\n<li>Light source: Eco Light LED bulb 12V<\/li>\n<li>Material: oak\n<li>Surface treatment: Osmo oil\n<\/ul>","protected":false},"featured_media":17712,"template":"","meta":{"_acf_changed":false},"product_brand":[],"product_cat":[16,100],"product_tag":[],"class_list":{"0":"post-16539","1":"product","2":"type-product","3":"status-publish","4":"has-post-thumbnail","6":"product_cat-vsechny-lampy","7":"product_cat-svicnove","9":"first","10":"instock","11":"purchasable","12":"product-type-simple"},"acf":[],"_links":{"self":[{"href":"https:\/\/www.epoxis.cz\/en\/wp-json\/wp\/v2\/product\/16539","targetHints":{"allow":["GET"]}}],"collection":[{"href":"https:\/\/www.epoxis.cz\/en\/wp-json\/wp\/v2\/product"}],"about":[{"href":"https:\/\/www.epoxis.cz\/en\/wp-json\/wp\/v2\/types\/product"}],"wp:featuredmedia":[{"embeddable":true,"href":"https:\/\/www.epoxis.cz\/en\/wp-json\/wp\/v2\/media\/17712"}],"wp:attachment":[{"href":"https:\/\/www.epoxis.cz\/en\/wp-json\/wp\/v2\/media?parent=16539"}],"wp:term":[{"taxonomy":"product_brand","embeddable":true,"href":"https:\/\/www.epoxis.cz\/en\/wp-json\/wp\/v2\/product_brand?post=16539"},{"taxonomy":"product_cat","embeddable":true,"href":"https:\/\/www.epoxis.cz\/en\/wp-json\/wp\/v2\/product_cat?post=16539"},{"taxonomy":"product_tag","embeddable":true,"href":"https:\/\/www.epoxis.cz\/en\/wp-json\/wp\/v2\/product_tag?post=16539"}],"curies":[{"name":"wp","href":"https:\/\/api.w.org\/{rel}","templated":true}]}}