{"id":16498,"date":"2026-03-25T10:32:28","date_gmt":"2026-03-25T10:32:28","guid":{"rendered":"https:\/\/www.epoxis.cz\/?post_type=product&#038;p=16498"},"modified":"2026-03-25T16:39:32","modified_gmt":"2026-03-25T16:39:32","slug":"colossa","status":"publish","type":"product","link":"https:\/\/www.epoxis.cz\/en\/product\/colossa\/","title":{"rendered":"Colossa"},"content":{"rendered":"","protected":false},"excerpt":{"rendered":"<p>Colossa je jednou z nejv\u011bt\u0161\u00edch a nejv\u00fdrazn\u011bj\u0161\u00edch lamp v na\u0161em katalogu. Je skv\u011blou volbou pro vypln\u011bn\u00ed pr\u00e1zdn\u00e9ho prostoru a vytvo\u0159en\u00ed p\u0159\u00edjemn\u00e9ho sv\u011bteln\u00e9ho bodu v ka\u017ed\u00e9 m\u00edstnosti.<\/p>\n<ul>\n<li>Height: 37.5 cm<\/li>\n<li>Weight: 1.7 Kg<\/li>\n<li>Base: 7 x 7 cm<\/li>\n<li>Slate base: 10 x 10 cm<\/li>\n<li>Light source: Eco Light LED bulb 12V<\/li>\n<li>Material: oak\n<li>Surface treatment: Osmo oil\n<\/ul>","protected":false},"featured_media":17711,"template":"","meta":{"_acf_changed":false},"product_brand":[],"product_cat":[16,100],"product_tag":[],"class_list":{"0":"post-16498","1":"product","2":"type-product","3":"status-publish","4":"has-post-thumbnail","6":"product_cat-vsechny-lampy","7":"product_cat-svicnove","9":"first","10":"instock","11":"purchasable","12":"product-type-simple"},"acf":[],"_links":{"self":[{"href":"https:\/\/www.epoxis.cz\/en\/wp-json\/wp\/v2\/product\/16498","targetHints":{"allow":["GET"]}}],"collection":[{"href":"https:\/\/www.epoxis.cz\/en\/wp-json\/wp\/v2\/product"}],"about":[{"href":"https:\/\/www.epoxis.cz\/en\/wp-json\/wp\/v2\/types\/product"}],"wp:featuredmedia":[{"embeddable":true,"href":"https:\/\/www.epoxis.cz\/en\/wp-json\/wp\/v2\/media\/17711"}],"wp:attachment":[{"href":"https:\/\/www.epoxis.cz\/en\/wp-json\/wp\/v2\/media?parent=16498"}],"wp:term":[{"taxonomy":"product_brand","embeddable":true,"href":"https:\/\/www.epoxis.cz\/en\/wp-json\/wp\/v2\/product_brand?post=16498"},{"taxonomy":"product_cat","embeddable":true,"href":"https:\/\/www.epoxis.cz\/en\/wp-json\/wp\/v2\/product_cat?post=16498"},{"taxonomy":"product_tag","embeddable":true,"href":"https:\/\/www.epoxis.cz\/en\/wp-json\/wp\/v2\/product_tag?post=16498"}],"curies":[{"name":"wp","href":"https:\/\/api.w.org\/{rel}","templated":true}]}}