{"id":18008,"date":"2026-01-04T20:17:23","date_gmt":"2026-01-04T20:17:23","guid":{"rendered":"https:\/\/www.epoxis.cz\/?page_id=18008"},"modified":"2026-02-20T16:29:08","modified_gmt":"2026-02-20T16:29:08","slug":"zvolte-kategorii","status":"publish","type":"page","link":"https:\/\/www.epoxis.cz\/en\/zvolte-kategorii\/","title":{"rendered":"Zvolte Kategorii"},"content":{"rendered":"\t\t<div data-elementor-type=\"wp-page\" data-elementor-id=\"18008\" class=\"elementor elementor-18008\">\n\t\t\t\t\t\t<section class=\"elementor-section elementor-top-section elementor-element elementor-element-2240098 elementor-section-boxed elementor-section-height-default elementor-section-height-default\" data-id=\"2240098\" data-element_type=\"section\">\n\t\t\t\t\t\t<div class=\"elementor-container elementor-column-gap-default\">\n\t\t\t\t\t<div class=\"elementor-column elementor-col-100 elementor-top-column elementor-element elementor-element-d9b8219\" data-id=\"d9b8219\" data-element_type=\"column\">\n\t\t\t<div class=\"elementor-widget-wrap elementor-element-populated\">\n\t\t\t\t\t\t<div class=\"elementor-element elementor-element-4a0b476 elementor-widget elementor-widget-heading\" data-id=\"4a0b476\" data-element_type=\"widget\" data-widget_type=\"heading.default\">\n\t\t\t\t<div class=\"elementor-widget-container\">\n\t\t\t\t\t<h2 class=\"elementor-heading-title elementor-size-default\">Na\u0161e produkty<\/h2>\t\t\t\t<\/div>\n\t\t\t\t<\/div>\n\t\t\t\t<div class=\"elementor-element elementor-element-e03074e elementor-widget elementor-widget-text-editor\" data-id=\"e03074e\" data-element_type=\"widget\" data-widget_type=\"text-editor.default\">\n\t\t\t\t<div class=\"elementor-widget-container\">\n\t\t\t\t\t\t\t\t\t<p>Vyberte si kategorii z nejnov\u011bj\u0161\u00ed kolekce<\/p>\t\t\t\t\t\t\t\t<\/div>\n\t\t\t\t<\/div>\n\t\t<div class=\"elementor-element elementor-element-2be1c90 e-grid e-con-full e-con e-parent\" data-id=\"2be1c90\" data-element_type=\"container\">\n\t\t<a class=\"elementor-element elementor-element-b4d694f e-flex e-con-boxed e-con e-child\" data-id=\"b4d694f\" data-element_type=\"container\" href=\"https:\/\/www.epoxis.cz\/kategorie-produktu\/svicnove\">\n\t\t\t\t\t<div class=\"e-con-inner\">\n\t\t\t\t<div class=\"elementor-element elementor-element-389d714 elementor-widget elementor-widget-image\" data-id=\"389d714\" data-element_type=\"widget\" data-widget_type=\"image.default\">\n\t\t\t\t<div class=\"elementor-widget-container\">\n\t\t\t\t\t\t\t\t\t\t\t\t\t\t\t<img fetchpriority=\"high\" decoding=\"async\" width=\"1018\" height=\"1024\" src=\"https:\/\/www.epoxis.cz\/wp-content\/uploads\/2026\/01\/5969547840847547488_result-1018x1024.jpg\" class=\"elementor-animation-shrink attachment-large size-large wp-image-18075\" alt=\"\" srcset=\"https:\/\/www.epoxis.cz\/wp-content\/uploads\/2026\/01\/5969547840847547488_result-1018x1024.jpg 1018w, https:\/\/www.epoxis.cz\/wp-content\/uploads\/2026\/01\/5969547840847547488_result-298x300.jpg 298w, https:\/\/www.epoxis.cz\/wp-content\/uploads\/2026\/01\/5969547840847547488_result-150x150.jpg 150w, https:\/\/www.epoxis.cz\/wp-content\/uploads\/2026\/01\/5969547840847547488_result-768x773.jpg 768w, https:\/\/www.epoxis.cz\/wp-content\/uploads\/2026\/01\/5969547840847547488_result-1000x1006.jpg 1000w, https:\/\/www.epoxis.cz\/wp-content\/uploads\/2026\/01\/5969547840847547488_result-200x200.jpg 200w, https:\/\/www.epoxis.cz\/wp-content\/uploads\/2026\/01\/5969547840847547488_result.avif 1024w\" sizes=\"(max-width: 1018px) 100vw, 1018px\" \/>\t\t\t\t\t\t\t\t\t\t\t\t\t\t\t<\/div>\n\t\t\t\t<\/div>\n\t\t\t\t<div class=\"elementor-element elementor-element-fe0c04e elementor-widget elementor-widget-heading\" data-id=\"fe0c04e\" data-element_type=\"widget\" data-widget_type=\"heading.default\">\n\t\t\t\t<div class=\"elementor-widget-container\">\n\t\t\t\t\t<h2 class=\"elementor-heading-title elementor-size-default\">Sv\u00edcnov\u00e9<\/h2>\t\t\t\t<\/div>\n\t\t\t\t<\/div>\n\t\t\t\t\t<\/div>\n\t\t\t\t<\/a>\n\t\t<a class=\"elementor-element elementor-element-41f4e50 e-flex e-con-boxed e-con e-child\" data-id=\"41f4e50\" data-element_type=\"container\" href=\"https:\/\/www.epoxis.cz\/kategorie-produktu\/kmenove\">\n\t\t\t\t\t<div class=\"e-con-inner\">\n\t\t\t\t<div class=\"elementor-element elementor-element-76e8f79 elementor-widget elementor-widget-image\" data-id=\"76e8f79\" data-element_type=\"widget\" data-widget_type=\"image.default\">\n\t\t\t\t<div class=\"elementor-widget-container\">\n\t\t\t\t\t\t\t\t\t\t\t\t\t\t\t<img decoding=\"async\" width=\"1024\" height=\"1017\" src=\"https:\/\/www.epoxis.cz\/wp-content\/uploads\/2026\/01\/5969547840847547486_result.avif\" class=\"elementor-animation-shrink attachment-large size-large wp-image-18072\" alt=\"\" srcset=\"https:\/\/www.epoxis.cz\/wp-content\/uploads\/2026\/01\/5969547840847547486_result.avif 1024w, https:\/\/www.epoxis.cz\/wp-content\/uploads\/2026\/01\/5969547840847547486_result-300x298.jpg 300w, https:\/\/www.epoxis.cz\/wp-content\/uploads\/2026\/01\/5969547840847547486_result-150x150.jpg 150w, https:\/\/www.epoxis.cz\/wp-content\/uploads\/2026\/01\/5969547840847547486_result-768x763.jpg 768w, https:\/\/www.epoxis.cz\/wp-content\/uploads\/2026\/01\/5969547840847547486_result-1000x993.jpg 1000w, https:\/\/www.epoxis.cz\/wp-content\/uploads\/2026\/01\/5969547840847547486_result-200x200.jpg 200w\" sizes=\"(max-width: 1024px) 100vw, 1024px\" \/>\t\t\t\t\t\t\t\t\t\t\t\t\t\t\t<\/div>\n\t\t\t\t<\/div>\n\t\t\t\t<div class=\"elementor-element elementor-element-00022e6 elementor-widget elementor-widget-heading\" data-id=\"00022e6\" data-element_type=\"widget\" data-widget_type=\"heading.default\">\n\t\t\t\t<div class=\"elementor-widget-container\">\n\t\t\t\t\t<h2 class=\"elementor-heading-title elementor-size-default\">Kmenov\u00e9<\/h2>\t\t\t\t<\/div>\n\t\t\t\t<\/div>\n\t\t\t\t\t<\/div>\n\t\t\t\t<\/a>\n\t\t<a class=\"elementor-element elementor-element-838a2be e-flex e-con-boxed e-con e-child\" data-id=\"838a2be\" data-element_type=\"container\" href=\"https:\/\/www.epoxis.cz\/kategorie-produktu\/betonove\">\n\t\t\t\t\t<div class=\"e-con-inner\">\n\t\t\t\t<div class=\"elementor-element elementor-element-0bf4b71 elementor-widget elementor-widget-image\" data-id=\"0bf4b71\" data-element_type=\"widget\" data-widget_type=\"image.default\">\n\t\t\t\t<div class=\"elementor-widget-container\">\n\t\t\t\t\t\t\t\t\t\t\t\t\t\t\t<img decoding=\"async\" width=\"1024\" height=\"1006\" src=\"https:\/\/www.epoxis.cz\/wp-content\/uploads\/2026\/01\/5969547840847547487_result.avif\" class=\"elementor-animation-shrink attachment-large size-large wp-image-18074\" alt=\"\" srcset=\"https:\/\/www.epoxis.cz\/wp-content\/uploads\/2026\/01\/5969547840847547487_result.avif 1024w, https:\/\/www.epoxis.cz\/wp-content\/uploads\/2026\/01\/5969547840847547487_result-300x295.jpg 300w, https:\/\/www.epoxis.cz\/wp-content\/uploads\/2026\/01\/5969547840847547487_result-768x755.jpg 768w, https:\/\/www.epoxis.cz\/wp-content\/uploads\/2026\/01\/5969547840847547487_result-1000x982.jpg 1000w\" sizes=\"(max-width: 1024px) 100vw, 1024px\" \/>\t\t\t\t\t\t\t\t\t\t\t\t\t\t\t<\/div>\n\t\t\t\t<\/div>\n\t\t\t\t<div class=\"elementor-element elementor-element-663685d elementor-widget elementor-widget-heading\" data-id=\"663685d\" data-element_type=\"widget\" data-widget_type=\"heading.default\">\n\t\t\t\t<div class=\"elementor-widget-container\">\n\t\t\t\t\t<h2 class=\"elementor-heading-title elementor-size-default\">Betonov\u00e9<\/h2>\t\t\t\t<\/div>\n\t\t\t\t<\/div>\n\t\t\t\t\t<\/div>\n\t\t\t\t<\/a>\n\t\t\t\t<\/div>\n\t\t\t\t<div class=\"elementor-element elementor-element-835a37d elementor-widget-divider--view-line elementor-widget elementor-widget-divider\" data-id=\"835a37d\" data-element_type=\"widget\" data-widget_type=\"divider.default\">\n\t\t\t\t<div class=\"elementor-widget-container\">\n\t\t\t\t\t\t\t<div class=\"elementor-divider\">\n\t\t\t<span class=\"elementor-divider-separator\">\n\t\t\t\t\t\t<\/span>\n\t\t<\/div>\n\t\t\t\t\t\t<\/div>\n\t\t\t\t<\/div>\n\t\t\t\t\t<\/div>\n\t\t<\/div>\n\t\t\t\t\t<\/div>\n\t\t<\/section>\n\t\t\t\t<section class=\"elementor-section elementor-top-section elementor-element elementor-element-c02f93b elementor-section-boxed elementor-section-height-default elementor-section-height-default\" data-id=\"c02f93b\" data-element_type=\"section\">\n\t\t\t\t\t\t\t<div class=\"elementor-background-overlay\"><\/div>\n\t\t\t\t\t\t\t<div class=\"elementor-container elementor-column-gap-default\">\n\t\t\t\t\t<div class=\"elementor-column elementor-col-50 elementor-top-column elementor-element elementor-element-d6bd1e6\" data-id=\"d6bd1e6\" data-element_type=\"column\">\n\t\t\t<div class=\"elementor-widget-wrap elementor-element-populated\">\n\t\t\t\t\t\t<div class=\"elementor-element elementor-element-ecabe72 elementor-widget elementor-widget-spacer\" data-id=\"ecabe72\" data-element_type=\"widget\" data-widget_type=\"spacer.default\">\n\t\t\t\t<div class=\"elementor-widget-container\">\n\t\t\t\t\t\t\t<div class=\"elementor-spacer\">\n\t\t\t<div class=\"elementor-spacer-inner\"><\/div>\n\t\t<\/div>\n\t\t\t\t\t\t<\/div>\n\t\t\t\t<\/div>\n\t\t\t\t<div class=\"elementor-element elementor-element-09c88bc elementor-position-left elementor-hidden-desktop elementor-hidden-tablet elementor-hidden-mobile elementor-view-default elementor-mobile-position-top elementor-vertical-align-top elementor-widget elementor-widget-icon-box\" data-id=\"09c88bc\" data-element_type=\"widget\" data-widget_type=\"icon-box.default\">\n\t\t\t\t<div class=\"elementor-widget-container\">\n\t\t\t\t\t\t\t<div class=\"elementor-icon-box-wrapper\">\n\n\t\t\t\t\t\t<div class=\"elementor-icon-box-icon\">\n\t\t\t\t<span  class=\"elementor-icon\">\n\t\t\t\t<svg aria-hidden=\"true\" class=\"e-font-icon-svg e-fas-map-pin\" viewBox=\"0 0 288 512\" xmlns=\"http:\/\/www.w3.org\/2000\/svg\"><path d=\"M112 316.94v156.69l22.02 33.02c4.75 7.12 15.22 7.12 19.97 0L176 473.63V316.94c-10.39 1.92-21.06 3.06-32 3.06s-21.61-1.14-32-3.06zM144 0C64.47 0 0 64.47 0 144s64.47 144 144 144 144-64.47 144-144S223.53 0 144 0zm0 76c-37.5 0-68 30.5-68 68 0 6.62-5.38 12-12 12s-12-5.38-12-12c0-50.73 41.28-92 92-92 6.62 0 12 5.38 12 12s-5.38 12-12 12z\"><\/path><\/svg>\t\t\t\t<\/span>\n\t\t\t<\/div>\n\t\t\t\n\t\t\t\t\t\t<div class=\"elementor-icon-box-content\">\n\n\t\t\t\t\t\t\t\t\t<h3 class=\"elementor-icon-box-title\">\n\t\t\t\t\t\t<span  >\n\t\t\t\t\t\t\tAdresa\t\t\t\t\t\t<\/span>\n\t\t\t\t\t<\/h3>\n\t\t\t\t\n\t\t\t\t\t\t\t\t\t<p class=\"elementor-icon-box-description\">\n\t\t\t\t\t\tDob\u0159ejovick\u00e1 970 <br>Pr\u016fhonice 252 43\t\t\t\t\t<\/p>\n\t\t\t\t\n\t\t\t<\/div>\n\t\t\t\n\t\t<\/div>\n\t\t\t\t\t\t<\/div>\n\t\t\t\t<\/div>\n\t\t\t\t<div class=\"elementor-element elementor-element-c80844b elementor-position-left elementor-view-default elementor-mobile-position-top elementor-vertical-align-top elementor-widget elementor-widget-icon-box\" data-id=\"c80844b\" data-element_type=\"widget\" data-widget_type=\"icon-box.default\">\n\t\t\t\t<div class=\"elementor-widget-container\">\n\t\t\t\t\t\t\t<div class=\"elementor-icon-box-wrapper\">\n\n\t\t\t\t\t\t<div class=\"elementor-icon-box-icon\">\n\t\t\t\t<span  class=\"elementor-icon\">\n\t\t\t\t<svg aria-hidden=\"true\" class=\"e-font-icon-svg e-far-envelope\" viewBox=\"0 0 512 512\" xmlns=\"http:\/\/www.w3.org\/2000\/svg\"><path d=\"M464 64H48C21.49 64 0 85.49 0 112v288c0 26.51 21.49 48 48 48h416c26.51 0 48-21.49 48-48V112c0-26.51-21.49-48-48-48zm0 48v40.805c-22.422 18.259-58.168 46.651-134.587 106.49-16.841 13.247-50.201 45.072-73.413 44.701-23.208.375-56.579-31.459-73.413-44.701C106.18 199.465 70.425 171.067 48 152.805V112h416zM48 400V214.398c22.914 18.251 55.409 43.862 104.938 82.646 21.857 17.205 60.134 55.186 103.062 54.955 42.717.231 80.509-37.199 103.053-54.947 49.528-38.783 82.032-64.401 104.947-82.653V400H48z\"><\/path><\/svg>\t\t\t\t<\/span>\n\t\t\t<\/div>\n\t\t\t\n\t\t\t\t\t\t<div class=\"elementor-icon-box-content\">\n\n\t\t\t\t\t\t\t\t\t<h3 class=\"elementor-icon-box-title\">\n\t\t\t\t\t\t<span  >\n\t\t\t\t\t\t\tEmail \t\t\t\t\t\t<\/span>\n\t\t\t\t\t<\/h3>\n\t\t\t\t\n\t\t\t\t\t\t\t\t\t<p class=\"elementor-icon-box-description\">\n\t\t\t\t\t\tinfo@epoxis.cz \t\t\t\t\t<\/p>\n\t\t\t\t\n\t\t\t<\/div>\n\t\t\t\n\t\t<\/div>\n\t\t\t\t\t\t<\/div>\n\t\t\t\t<\/div>\n\t\t\t\t<div class=\"elementor-element elementor-element-c7f007e elementor-position-left elementor-view-default elementor-mobile-position-top elementor-vertical-align-top elementor-widget elementor-widget-icon-box\" data-id=\"c7f007e\" data-element_type=\"widget\" data-widget_type=\"icon-box.default\">\n\t\t\t\t<div class=\"elementor-widget-container\">\n\t\t\t\t\t\t\t<div class=\"elementor-icon-box-wrapper\">\n\n\t\t\t\t\t\t<div class=\"elementor-icon-box-icon\">\n\t\t\t\t<span  class=\"elementor-icon\">\n\t\t\t\t<svg aria-hidden=\"true\" class=\"e-font-icon-svg e-fas-mobile-alt\" viewBox=\"0 0 320 512\" xmlns=\"http:\/\/www.w3.org\/2000\/svg\"><path d=\"M272 0H48C21.5 0 0 21.5 0 48v416c0 26.5 21.5 48 48 48h224c26.5 0 48-21.5 48-48V48c0-26.5-21.5-48-48-48zM160 480c-17.7 0-32-14.3-32-32s14.3-32 32-32 32 14.3 32 32-14.3 32-32 32zm112-108c0 6.6-5.4 12-12 12H60c-6.6 0-12-5.4-12-12V60c0-6.6 5.4-12 12-12h200c6.6 0 12 5.4 12 12v312z\"><\/path><\/svg>\t\t\t\t<\/span>\n\t\t\t<\/div>\n\t\t\t\n\t\t\t\t\t\t<div class=\"elementor-icon-box-content\">\n\n\t\t\t\t\t\t\t\t\t<h3 class=\"elementor-icon-box-title\">\n\t\t\t\t\t\t<span  >\n\t\t\t\t\t\t\tTelefon\t\t\t\t\t\t<\/span>\n\t\t\t\t\t<\/h3>\n\t\t\t\t\n\t\t\t\t\t\t\t\t\t<p class=\"elementor-icon-box-description\">\n\t\t\t\t\t\t+420 720 680 461\t\t\t\t\t<\/p>\n\t\t\t\t\n\t\t\t<\/div>\n\t\t\t\n\t\t<\/div>\n\t\t\t\t\t\t<\/div>\n\t\t\t\t<\/div>\n\t\t\t\t\t<\/div>\n\t\t<\/div>\n\t\t\t\t<div class=\"elementor-column elementor-col-50 elementor-top-column elementor-element elementor-element-9660e0f\" data-id=\"9660e0f\" data-element_type=\"column\" data-settings=\"{&quot;background_background&quot;:&quot;classic&quot;}\">\n\t\t\t<div class=\"elementor-widget-wrap elementor-element-populated\">\n\t\t\t\t\t\t<div class=\"elementor-element elementor-element-f71f63c elementor-widget elementor-widget-heading\" data-id=\"f71f63c\" data-element_type=\"widget\" data-widget_type=\"heading.default\">\n\t\t\t\t<div class=\"elementor-widget-container\">\n\t\t\t\t\t<h2 class=\"elementor-heading-title elementor-size-default\">Napi\u0161te n\u00e1m va\u0161e p\u0159\u00e1n\u00ed.<\/h2>\t\t\t\t<\/div>\n\t\t\t\t<\/div>\n\t\t\t\t<div class=\"elementor-element elementor-element-a9d3cea elementor-widget elementor-widget-wpforms\" data-id=\"a9d3cea\" data-element_type=\"widget\" data-widget_type=\"wpforms.default\">\n\t\t\t\t<div class=\"elementor-widget-container\">\n\t\t\t\t\t<div class=\"wpforms-container wpforms-render-modern\" id=\"wpforms-246\"><form id=\"wpforms-form-246\" class=\"wpforms-validate wpforms-form\" data-formid=\"246\" method=\"post\" enctype=\"multipart\/form-data\" action=\"\/en\/wp-json\/wp\/v2\/pages\/18008\" data-token=\"c08cb2b2b98073e382aa9a73c61093e9\" data-token-time=\"1777130763\"><noscript class=\"wpforms-error-noscript\">Please enable JavaScript in your browser to complete this form.<\/noscript><div class=\"wpforms-hidden\" id=\"wpforms-error-noscript\">Please enable JavaScript in your browser to complete this form.<\/div><div class=\"wpforms-field-container\"><div id=\"wpforms-246-field_0-container\" class=\"wpforms-field wpforms-field-name\" data-field-id=\"0\"><fieldset><legend class=\"wpforms-field-label wpforms-label-hide\" aria-hidden=\"false\">Jm\u00e9no <span class=\"wpforms-required-label\" aria-hidden=\"true\">*<\/span><\/legend><div class=\"wpforms-field-row wpforms-field-large\"><div class=\"wpforms-field-row-block wpforms-first wpforms-one-half\"><input type=\"text\" id=\"wpforms-246-field_0\" class=\"wpforms-field-name-first wpforms-field-required\" name=\"wpforms[fields][0][first]\" placeholder=\"Jm\u00e9no \" aria-errormessage=\"wpforms-246-field_0-error\" required><label for=\"wpforms-246-field_0\" class=\"wpforms-field-sublabel after wpforms-sublabel-hide\">First<\/label><\/div><div class=\"wpforms-field-row-block wpforms-one-half\"><input type=\"text\" id=\"wpforms-246-field_0-last\" class=\"wpforms-field-name-last wpforms-field-required\" name=\"wpforms[fields][0][last]\" placeholder=\"P\u0159\u00edjmen\u00ed\" aria-errormessage=\"wpforms-246-field_0-last-error\" required><label for=\"wpforms-246-field_0-last\" class=\"wpforms-field-sublabel after wpforms-sublabel-hide\">Last<\/label><\/div><\/div><\/fieldset><\/div><div id=\"wpforms-246-field_1-container\" class=\"wpforms-field wpforms-field-email\" data-field-id=\"1\"><label class=\"wpforms-field-label wpforms-label-hide\" for=\"wpforms-246-field_1\" aria-hidden=\"false\">E-mail <span class=\"wpforms-required-label\" aria-hidden=\"true\">*<\/span><\/label><input type=\"email\" id=\"wpforms-246-field_1\" class=\"wpforms-field-large wpforms-field-required\" name=\"wpforms[fields][1]\" placeholder=\"E-mail\" spellcheck=\"false\" aria-errormessage=\"wpforms-246-field_1-error\" required><\/div><div id=\"wpforms-246-field_7-container\" class=\"wpforms-field wpforms-field-phone\" data-field-id=\"7\"><label class=\"wpforms-field-label wpforms-label-hide\" for=\"wpforms-246-field_7\" aria-hidden=\"false\">Telefon<\/label><input type=\"tel\" id=\"wpforms-246-field_7\" class=\"wpforms-field-large\" data-rule-int-phone-field=\"true\" name=\"wpforms[fields][7]\" placeholder=\"Telefon\" aria-label=\"Telefon\" aria-errormessage=\"wpforms-246-field_7-error\" ><\/div><div id=\"wpforms-246-field_2-container\" class=\"wpforms-field wpforms-field-textarea\" data-field-id=\"2\"><label class=\"wpforms-field-label wpforms-label-hide\" for=\"wpforms-246-field_2\" aria-hidden=\"false\">Zpr\u00e1va z\u00e1kazn\u00edka <span class=\"wpforms-required-label\" aria-hidden=\"true\">*<\/span><\/label><textarea id=\"wpforms-246-field_2\" class=\"wpforms-field-medium wpforms-field-required\" name=\"wpforms[fields][2]\" placeholder=\"Va\u0161e zpr\u00e1va\" aria-errormessage=\"wpforms-246-field_2-error\" required><\/textarea><\/div><div id=\"wpforms-246-field_6-container\" class=\"wpforms-field wpforms-field-gdpr-checkbox wp-gdpr\" data-field-id=\"6\"><label class=\"wpforms-field-label wpforms-label-hide\" aria-hidden=\"false\">Z\u00e1sady ochrany osobn\u00edch \u00fadaj\u016f <span class=\"wpforms-required-label\" aria-hidden=\"true\">*<\/span><\/label><ul id=\"wpforms-246-field_6\" class=\"wpforms-field-required\"><li class=\"choice-1\"><input type=\"checkbox\" id=\"wpforms-246-field_6_1\" name=\"wpforms[fields][6][]\" value=\"Souhlas\u00edm s t\u00edm, aby tento web ukl\u00e1dal m\u00e9 odeslan\u00e9 informace, aby bylo mo\u017en\u00e9 odpov\u011bd\u011bt na mou zpr\u00e1vu.\" aria-errormessage=\"wpforms-246-field_6_1-error\" required ><label class=\"wpforms-field-label-inline\" for=\"wpforms-246-field_6_1\">Souhlas\u00edm s t\u00edm, aby tento web ukl\u00e1dal m\u00e9 odeslan\u00e9 informace, aby bylo mo\u017en\u00e9 odpov\u011bd\u011bt na mou zpr\u00e1vu. <span class=\"wpforms-required-label\" aria-hidden=\"true\">*<\/span><\/label><\/li><\/ul><\/div><\/div><!-- .wpforms-field-container --><div class=\"wpforms-recaptcha-container wpforms-is-recaptcha wpforms-is-recaptcha-type-v2\" ><div class=\"g-recaptcha\" data-sitekey=\"6Le14McqAAAAAFcM3o25vVG9WBpzBDJpqsdEcbrT\"><\/div><input type=\"text\" name=\"g-recaptcha-hidden\" class=\"wpforms-recaptcha-hidden\" style=\"position:absolute!important;clip:rect(0,0,0,0)!important;height:1px!important;width:1px!important;border:0!important;overflow:hidden!important;padding:0!important;margin:0!important;\" data-rule-recaptcha=\"1\"><\/div><div class=\"wpforms-submit-container\" ><input type=\"hidden\" name=\"wpforms[id]\" value=\"246\"><input type=\"hidden\" name=\"page_title\" value=\"\"><input type=\"hidden\" name=\"page_url\" value=\"https:\/\/www.epoxis.cz\/en\/wp-json\/wp\/v2\/pages\/18008\"><button type=\"submit\" name=\"wpforms[submit]\" id=\"wpforms-submit-246\" class=\"wpforms-submit\" data-alt-text=\"Odes\u00edl\u00e1n\u00ed...\" data-submit-text=\"Odeslat zpr\u00e1vu\" aria-live=\"assertive\" value=\"wpforms-submit\">Odeslat zpr\u00e1vu<\/button><\/div><\/form><\/div>  <!-- .wpforms-container -->\t\t\t\t<\/div>\n\t\t\t\t<\/div>\n\t\t\t\t\t<\/div>\n\t\t<\/div>\n\t\t\t\t\t<\/div>\n\t\t<\/section>\n\t\t\t\t<\/div>\n\t\t","protected":false},"excerpt":{"rendered":"<p>Na\u0161e produkty Vyberte si kategorii z nejnov\u011bj\u0161\u00ed kolekce Sv\u00edcnov\u00e9 Kmenov\u00e9 Betonov\u00e9 Adresa Dob\u0159ejovick\u00e1 970 Pr\u016fhonice 252 43 Email info@epoxis.cz Telefon +420 720 680 461 Napi\u0161te n\u00e1m va\u0161e p\u0159\u00e1n\u00ed. Chcete-li vyplnit tento formul\u00e1\u0159, pros\u00edm povolte v prohl\u00ed\u017ee\u010di JavaScript.Chcete-li vyplnit tento formul\u00e1\u0159, pros\u00edm povolte v prohl\u00ed\u017ee\u010di JavaScript. Jm\u00e9no * K\u0159estn\u00ed jm\u00e9noP\u0159\u00edjmen\u00ed E-mail *Telefon Zpr\u00e1va z\u00e1kazn\u00edka *Z\u00e1sady ochrany [&hellip;]<\/p>\n","protected":false},"author":1,"featured_media":0,"parent":0,"menu_order":0,"comment_status":"closed","ping_status":"closed","template":"","meta":{"_acf_changed":false,"footnotes":""},"class_list":["post-18008","page","type-page","status-publish","hentry"],"blocksy_meta":[],"acf":[],"_links":{"self":[{"href":"https:\/\/www.epoxis.cz\/en\/wp-json\/wp\/v2\/pages\/18008","targetHints":{"allow":["GET"]}}],"collection":[{"href":"https:\/\/www.epoxis.cz\/en\/wp-json\/wp\/v2\/pages"}],"about":[{"href":"https:\/\/www.epoxis.cz\/en\/wp-json\/wp\/v2\/types\/page"}],"author":[{"embeddable":true,"href":"https:\/\/www.epoxis.cz\/en\/wp-json\/wp\/v2\/users\/1"}],"replies":[{"embeddable":true,"href":"https:\/\/www.epoxis.cz\/en\/wp-json\/wp\/v2\/comments?post=18008"}],"version-history":[{"count":44,"href":"https:\/\/www.epoxis.cz\/en\/wp-json\/wp\/v2\/pages\/18008\/revisions"}],"predecessor-version":[{"id":18200,"href":"https:\/\/www.epoxis.cz\/en\/wp-json\/wp\/v2\/pages\/18008\/revisions\/18200"}],"wp:attachment":[{"href":"https:\/\/www.epoxis.cz\/en\/wp-json\/wp\/v2\/media?parent=18008"}],"curies":[{"name":"wp","href":"https:\/\/api.w.org\/{rel}","templated":true}]}}